{"id":1568,"date":"2021-06-25T20:14:20","date_gmt":"2021-06-25T20:14:20","guid":{"rendered":"https:\/\/changemycommunity.ctb.ku.edu\/fr\/?page_id=1568"},"modified":"2022-04-04T13:22:06","modified_gmt":"2022-04-04T13:22:06","slug":"appui","status":"publish","type":"page","link":"https:\/\/changemycommunity.ctb.ku.edu\/fr\/appui\/","title":{"rendered":"Appui"},"content":{"rendered":"<p>Cette bo\u00eete \u00e0 outils a \u00e9t\u00e9 con\u00e7ue par <a href=\"https:\/\/www.ndi.org\/\">l\u2019Institut national d\u00e9mocratique (NDI)<\/a> en coop\u00e9ration avec <a href=\"https:\/\/communityhealth.ku.edu\/\">le Groupe de travail sur la sant\u00e9 et le d\u00e9veloppement communautaire (Groupe de travail de l\u2019Universit\u00e9 du Kansas)<\/a>. Le groupe de travail de l\u2019Universit\u00e9 du Kansas g\u00e8re <a href=\"https:\/\/ctb.ku.edu\/en\">la boite \u00e0 outils communautaire<\/a>, qui est une ressource en ligne gratuite pour ceux qui travaillent \u00e0 la construction de communaut\u00e9s plus saines et au changement social. Elle contient des milliers de pages de conseils et d\u2019outils pour agir dans les communaut\u00e9s. Cette plateforme contient des adaptations et des liens directs vers le contenu de la bo\u00eete \u00e0 outils communautaire. Le contenu couvre \u00e9galement des connaissances et des exemples refl\u00e9tant l\u2019expertise du NDI en mati\u00e8re d\u2019organisation communautaire et de participation politique des jeunes, bas\u00e9e sur plus de 30 ans de travail pour le soutien et le renforcement des institutions d\u00e9mocratiques dans plus de 70 pays. La bo\u00eete \u00e0 outils a \u00e9t\u00e9 d\u00e9velopp\u00e9e avec l\u2019appui financier de la Fondation national pour la d\u00e9mocratie (NED).<\/p>\n<p>&nbsp;<\/p>\n\n<table id=\"tablepress-3\" class=\"tablepress tablepress-id-3\">\n<tbody>\n<tr class=\"row-1\">\n\t<td class=\"column-1\"><a href=\"\/fr\/qui-devrait-utiliser-la-boite-a-outils\/\">QUI DEVRAIT UTILISER LA BOITE A OUTILS?<\/a><\/td><td class=\"column-2\"><a href=\"\/fr\/que-contient-la-boite-a-outils\/\">QUE CONTIENT LA BOITE A OUTILS?<\/a><\/td><td class=\"column-3\"><a href=\"\/fr\/appui\/\">APPUI<\/a><\/td>\n<\/tr>\n<\/tbody>\n<\/table>\n\n","protected":false},"excerpt":{"rendered":"<p>Cette bo\u00eete \u00e0 outils a \u00e9t\u00e9 con\u00e7ue par l\u2019Institut national d\u00e9mocratique (NDI) en coop\u00e9ration avec le Groupe de travail sur la sant\u00e9 et le d\u00e9veloppement communautaire (Groupe de travail de &#8230;<\/p>\n","protected":false},"author":1,"featured_media":1467,"parent":0,"menu_order":0,"comment_status":"closed","ping_status":"closed","template":"","meta":{"footnotes":""},"class_list":["post-1568","page","type-page","status-publish","has-post-thumbnail","hentry"],"yoast_head":"<!-- This site is optimized with the Yoast SEO plugin v27.5 - https:\/\/yoast.com\/product\/yoast-seo-wordpress\/ -->\n<title>Appui - Changer Ma Communaute<\/title>\n<meta name=\"robots\" content=\"index, follow, max-snippet:-1, max-image-preview:large, max-video-preview:-1\" \/>\n<link rel=\"canonical\" href=\"https:\/\/changemycommunity.ctb.ku.edu\/fr\/appui\/\" \/>\n<meta property=\"og:locale\" content=\"en_US\" \/>\n<meta property=\"og:type\" content=\"article\" \/>\n<meta property=\"og:title\" content=\"Appui - Changer Ma Communaute\" \/>\n<meta property=\"og:description\" content=\"Cette bo\u00eete \u00e0 outils a \u00e9t\u00e9 con\u00e7ue par l\u2019Institut national d\u00e9mocratique (NDI) en coop\u00e9ration avec le Groupe de travail sur la sant\u00e9 et le d\u00e9veloppement communautaire (Groupe de travail de ...\" \/>\n<meta property=\"og:url\" content=\"https:\/\/changemycommunity.ctb.ku.edu\/fr\/appui\/\" \/>\n<meta property=\"og:site_name\" content=\"Changer Ma Communaute\" \/>\n<meta property=\"article:modified_time\" content=\"2022-04-04T13:22:06+00:00\" \/>\n<meta property=\"og:image\" content=\"https:\/\/changemycommunity.ctb.ku.edu\/fr\/wp-content\/uploads\/2021\/06\/Support-image.jpg\" \/>\n\t<meta property=\"og:image:width\" content=\"680\" \/>\n\t<meta property=\"og:image:height\" content=\"350\" \/>\n\t<meta property=\"og:image:type\" content=\"image\/jpeg\" \/>\n<meta name=\"twitter:card\" content=\"summary_large_image\" \/>\n<meta name=\"twitter:label1\" content=\"Est. reading time\" \/>\n\t<meta name=\"twitter:data1\" content=\"1 minute\" \/>\n<script type=\"application\/ld+json\" class=\"yoast-schema-graph\">{\"@context\":\"https:\\\/\\\/schema.org\",\"@graph\":[{\"@type\":\"WebPage\",\"@id\":\"https:\\\/\\\/changemycommunity.ctb.ku.edu\\\/fr\\\/appui\\\/\",\"url\":\"https:\\\/\\\/changemycommunity.ctb.ku.edu\\\/fr\\\/appui\\\/\",\"name\":\"Appui - Changer Ma Communaute\",\"isPartOf\":{\"@id\":\"https:\\\/\\\/changemycommunity.ctb.ku.edu\\\/fr\\\/#website\"},\"primaryImageOfPage\":{\"@id\":\"https:\\\/\\\/changemycommunity.ctb.ku.edu\\\/fr\\\/appui\\\/#primaryimage\"},\"image\":{\"@id\":\"https:\\\/\\\/changemycommunity.ctb.ku.edu\\\/fr\\\/appui\\\/#primaryimage\"},\"thumbnailUrl\":\"https:\\\/\\\/changemycommunity.ctb.ku.edu\\\/fr\\\/wp-content\\\/uploads\\\/2021\\\/06\\\/Support-image.jpg\",\"datePublished\":\"2021-06-25T20:14:20+00:00\",\"dateModified\":\"2022-04-04T13:22:06+00:00\",\"breadcrumb\":{\"@id\":\"https:\\\/\\\/changemycommunity.ctb.ku.edu\\\/fr\\\/appui\\\/#breadcrumb\"},\"inLanguage\":\"en\",\"potentialAction\":[{\"@type\":\"ReadAction\",\"target\":[\"https:\\\/\\\/changemycommunity.ctb.ku.edu\\\/fr\\\/appui\\\/\"]}]},{\"@type\":\"ImageObject\",\"inLanguage\":\"en\",\"@id\":\"https:\\\/\\\/changemycommunity.ctb.ku.edu\\\/fr\\\/appui\\\/#primaryimage\",\"url\":\"https:\\\/\\\/changemycommunity.ctb.ku.edu\\\/fr\\\/wp-content\\\/uploads\\\/2021\\\/06\\\/Support-image.jpg\",\"contentUrl\":\"https:\\\/\\\/changemycommunity.ctb.ku.edu\\\/fr\\\/wp-content\\\/uploads\\\/2021\\\/06\\\/Support-image.jpg\",\"width\":680,\"height\":350,\"caption\":\"A group of young people in a hallway.\"},{\"@type\":\"BreadcrumbList\",\"@id\":\"https:\\\/\\\/changemycommunity.ctb.ku.edu\\\/fr\\\/appui\\\/#breadcrumb\",\"itemListElement\":[{\"@type\":\"ListItem\",\"position\":1,\"name\":\"Home\",\"item\":\"https:\\\/\\\/changemycommunity.ctb.ku.edu\\\/fr\\\/\"},{\"@type\":\"ListItem\",\"position\":2,\"name\":\"Appui\"}]},{\"@type\":\"WebSite\",\"@id\":\"https:\\\/\\\/changemycommunity.ctb.ku.edu\\\/fr\\\/#website\",\"url\":\"https:\\\/\\\/changemycommunity.ctb.ku.edu\\\/fr\\\/\",\"name\":\"Changer Ma Communaute\",\"description\":\"Institut National d&eacute;mocratique\",\"potentialAction\":[{\"@type\":\"SearchAction\",\"target\":{\"@type\":\"EntryPoint\",\"urlTemplate\":\"https:\\\/\\\/changemycommunity.ctb.ku.edu\\\/fr\\\/?s={search_term_string}\"},\"query-input\":{\"@type\":\"PropertyValueSpecification\",\"valueRequired\":true,\"valueName\":\"search_term_string\"}}],\"inLanguage\":\"en\"}]}<\/script>\n<!-- \/ Yoast SEO plugin. -->","yoast_head_json":{"title":"Appui - Changer Ma Communaute","robots":{"index":"index","follow":"follow","max-snippet":"max-snippet:-1","max-image-preview":"max-image-preview:large","max-video-preview":"max-video-preview:-1"},"canonical":"https:\/\/changemycommunity.ctb.ku.edu\/fr\/appui\/","og_locale":"en_US","og_type":"article","og_title":"Appui - Changer Ma Communaute","og_description":"Cette bo\u00eete \u00e0 outils a \u00e9t\u00e9 con\u00e7ue par l\u2019Institut national d\u00e9mocratique (NDI) en coop\u00e9ration avec le Groupe de travail sur la sant\u00e9 et le d\u00e9veloppement communautaire (Groupe de travail de ...","og_url":"https:\/\/changemycommunity.ctb.ku.edu\/fr\/appui\/","og_site_name":"Changer Ma Communaute","article_modified_time":"2022-04-04T13:22:06+00:00","og_image":[{"width":680,"height":350,"url":"https:\/\/changemycommunity.ctb.ku.edu\/fr\/wp-content\/uploads\/2021\/06\/Support-image.jpg","type":"image\/jpeg"}],"twitter_card":"summary_large_image","twitter_misc":{"Est. reading time":"1 minute"},"schema":{"@context":"https:\/\/schema.org","@graph":[{"@type":"WebPage","@id":"https:\/\/changemycommunity.ctb.ku.edu\/fr\/appui\/","url":"https:\/\/changemycommunity.ctb.ku.edu\/fr\/appui\/","name":"Appui - Changer Ma Communaute","isPartOf":{"@id":"https:\/\/changemycommunity.ctb.ku.edu\/fr\/#website"},"primaryImageOfPage":{"@id":"https:\/\/changemycommunity.ctb.ku.edu\/fr\/appui\/#primaryimage"},"image":{"@id":"https:\/\/changemycommunity.ctb.ku.edu\/fr\/appui\/#primaryimage"},"thumbnailUrl":"https:\/\/changemycommunity.ctb.ku.edu\/fr\/wp-content\/uploads\/2021\/06\/Support-image.jpg","datePublished":"2021-06-25T20:14:20+00:00","dateModified":"2022-04-04T13:22:06+00:00","breadcrumb":{"@id":"https:\/\/changemycommunity.ctb.ku.edu\/fr\/appui\/#breadcrumb"},"inLanguage":"en","potentialAction":[{"@type":"ReadAction","target":["https:\/\/changemycommunity.ctb.ku.edu\/fr\/appui\/"]}]},{"@type":"ImageObject","inLanguage":"en","@id":"https:\/\/changemycommunity.ctb.ku.edu\/fr\/appui\/#primaryimage","url":"https:\/\/changemycommunity.ctb.ku.edu\/fr\/wp-content\/uploads\/2021\/06\/Support-image.jpg","contentUrl":"https:\/\/changemycommunity.ctb.ku.edu\/fr\/wp-content\/uploads\/2021\/06\/Support-image.jpg","width":680,"height":350,"caption":"A group of young people in a hallway."},{"@type":"BreadcrumbList","@id":"https:\/\/changemycommunity.ctb.ku.edu\/fr\/appui\/#breadcrumb","itemListElement":[{"@type":"ListItem","position":1,"name":"Home","item":"https:\/\/changemycommunity.ctb.ku.edu\/fr\/"},{"@type":"ListItem","position":2,"name":"Appui"}]},{"@type":"WebSite","@id":"https:\/\/changemycommunity.ctb.ku.edu\/fr\/#website","url":"https:\/\/changemycommunity.ctb.ku.edu\/fr\/","name":"Changer Ma Communaute","description":"Institut National d&eacute;mocratique","potentialAction":[{"@type":"SearchAction","target":{"@type":"EntryPoint","urlTemplate":"https:\/\/changemycommunity.ctb.ku.edu\/fr\/?s={search_term_string}"},"query-input":{"@type":"PropertyValueSpecification","valueRequired":true,"valueName":"search_term_string"}}],"inLanguage":"en"}]}},"_links":{"self":[{"href":"https:\/\/changemycommunity.ctb.ku.edu\/fr\/wp-json\/wp\/v2\/pages\/1568","targetHints":{"allow":["GET"]}}],"collection":[{"href":"https:\/\/changemycommunity.ctb.ku.edu\/fr\/wp-json\/wp\/v2\/pages"}],"about":[{"href":"https:\/\/changemycommunity.ctb.ku.edu\/fr\/wp-json\/wp\/v2\/types\/page"}],"author":[{"embeddable":true,"href":"https:\/\/changemycommunity.ctb.ku.edu\/fr\/wp-json\/wp\/v2\/users\/1"}],"replies":[{"embeddable":true,"href":"https:\/\/changemycommunity.ctb.ku.edu\/fr\/wp-json\/wp\/v2\/comments?post=1568"}],"version-history":[{"count":3,"href":"https:\/\/changemycommunity.ctb.ku.edu\/fr\/wp-json\/wp\/v2\/pages\/1568\/revisions"}],"predecessor-version":[{"id":1571,"href":"https:\/\/changemycommunity.ctb.ku.edu\/fr\/wp-json\/wp\/v2\/pages\/1568\/revisions\/1571"}],"wp:featuredmedia":[{"embeddable":true,"href":"https:\/\/changemycommunity.ctb.ku.edu\/fr\/wp-json\/wp\/v2\/media\/1467"}],"wp:attachment":[{"href":"https:\/\/changemycommunity.ctb.ku.edu\/fr\/wp-json\/wp\/v2\/media?parent=1568"}],"curies":[{"name":"wp","href":"https:\/\/api.w.org\/{rel}","templated":true}]}}