{"id":1561,"date":"2021-06-25T20:05:27","date_gmt":"2021-06-25T20:05:27","guid":{"rendered":"https:\/\/changemycommunity.ctb.ku.edu\/fr\/?page_id=1561"},"modified":"2022-04-04T13:21:52","modified_gmt":"2022-04-04T13:21:52","slug":"que-contient-la-boite-a-outils","status":"publish","type":"page","link":"https:\/\/changemycommunity.ctb.ku.edu\/fr\/que-contient-la-boite-a-outils\/","title":{"rendered":"Que contient la boite \u00e0 outils ?"},"content":{"rendered":"<p>La bo\u00eete \u00e0 outils est divis\u00e9e en quatre sections principales pour vous guider \u00e0 travers les \u00e9tapes de pr\u00e9paration, de planification, de mise en \u0153uvre et d\u2019\u00e9valuation de votre campagne : <a href=\"https:\/\/changemycommunity.ctb.ku.edu\/fr\/pour-commencer\/\"><em>Pour commencer<\/em><\/a> ; <a href=\"https:\/\/changemycommunity.ctb.ku.edu\/fr\/strategie-et-planification-de-la-campagne\/\"><em>Strat\u00e9gie et planification de la campagne <\/em><\/a>; <a href=\"https:\/\/changemycommunity.ctb.ku.edu\/fr\/gestion-de-la-campagne\/\"><em>Gestion de la campagne<\/em><\/a> ; et <em><a href=\"https:\/\/changemycommunity.ctb.ku.edu\/fr\/reflexion\/\">R\u00e9flexion<\/a>.<\/em><\/p>\n<p>La page <a href=\"https:\/\/changemycommunity.ctb.ku.edu\/fr\/pour-commencer\/\"><em>\u00ab\u00a0<\/em><em>Pour commencer\u00a0\u00bb<\/em><\/a> explique les concepts cl\u00e9s que vous devez comprendre et prendre en compte afin de mener une campagne efficace pour le changement communautaire. Ces concepts pr\u00e9parent le terrain pour le reste de la bo\u00eete \u00e0 outils.<\/p>\n<p>La page <a href=\"https:\/\/changemycommunity.ctb.ku.edu\/fr\/strategie-et-planification-de-la-campagne\/\"><em>Strat\u00e9gie et planification de la campagne<\/em><\/a> vous guide \u00e0 travers les \u00e9tapes de la planification et la mani\u00e8re dont vous allez r\u00e9aliser le changement que vous recherchez. Elle couvre la m\u00e9thode d\u2019analyser et de formuler le probl\u00e8me que vous voulez r\u00e9soudre, la mani\u00e8re de d\u00e9velopper votre strat\u00e9gie de campagne et de concevoir un plan d\u2019action pour atteindre votre objectif.<\/p>\n<p>La page <a href=\"https:\/\/changemycommunity.ctb.ku.edu\/fr\/gestion-de-la-campagne\/\"><em>Gestion de la campagne<\/em><\/a> est con\u00e7ue pour vous aider \u00e0 r\u00e9aliser ce que vous avez pr\u00e9vu dans votre plan. Cette page comprend des liens vers des ressources sur les principales responsabilit\u00e9s de gestion, comme la gestion des b\u00e9n\u00e9voles, la communication efficace au sein et en dehors de votre \u00e9quipe, la gestion de l\u2019information et la gestion de la s\u00e9curit\u00e9 personnelle. Sachant que vous rencontrerez probablement des difficult\u00e9s tout au long de votre campagne et que vous devrez vous adapter, cette page contient des ressources qui vous aideront \u00e0 vous adapter \u00e0 l\u2019\u00e9volution des circonstances. A la fin de votre campagne, il peut \u00eatre utile de r\u00e9fl\u00e9chir \u00e0 cette exp\u00e9rience et d\u2019en tirer des le\u00e7ons pour de futurs efforts de changement communautaire. Il s\u2019agit notamment d\u2019examiner ce qui a fonctionn\u00e9, ce qui n\u2019a pas fonctionn\u00e9 et pourquoi. La page <a href=\"https:\/\/changemycommunity.ctb.ku.edu\/fr\/reflexion\/\"><em>R\u00e9flexion<\/em><\/a> peut vous aider \u00e0 \u00e9valuer l&#8217;exp\u00e9rience de la campagne.<\/p>\n<p>Cette bo\u00eete \u00e0 outils couvre les bases de chaque \u00e9tape d\u2019une campagne pour le changement communautaire et comprend des liens vers les pages pertinentes de la bo\u00eete \u00e0 outils communautaire et d\u2019autres ressources et outils pratiques. La bo\u00eete \u00e0 outils pr\u00e9sente \u00e9galement des exemples r\u00e9els de la mani\u00e8re dont des jeunes du monde entier ont appliqu\u00e9 ces outils et techniques pour am\u00e9liorer leurs communaut\u00e9s.<\/p>\n<p>&nbsp;<\/p>\n\n<table id=\"tablepress-3\" class=\"tablepress tablepress-id-3\">\n<tbody>\n<tr class=\"row-1\">\n\t<td class=\"column-1\"><a href=\"\/fr\/qui-devrait-utiliser-la-boite-a-outils\/\">QUI DEVRAIT UTILISER LA BOITE A OUTILS?<\/a><\/td><td class=\"column-2\"><a href=\"\/fr\/que-contient-la-boite-a-outils\/\">QUE CONTIENT LA BOITE A OUTILS?<\/a><\/td><td class=\"column-3\"><a href=\"\/fr\/appui\/\">APPUI<\/a><\/td>\n<\/tr>\n<\/tbody>\n<\/table>\n\n","protected":false},"excerpt":{"rendered":"<p>La bo\u00eete \u00e0 outils est divis\u00e9e en quatre sections principales pour vous guider \u00e0 travers les \u00e9tapes de pr\u00e9paration, de planification, de mise en \u0153uvre et d\u2019\u00e9valuation de votre campagne &#8230;<\/p>\n","protected":false},"author":1,"featured_media":1465,"parent":0,"menu_order":0,"comment_status":"closed","ping_status":"closed","template":"","meta":{"footnotes":""},"class_list":["post-1561","page","type-page","status-publish","has-post-thumbnail","hentry"],"yoast_head":"<!-- This site is optimized with the Yoast SEO plugin v27.5 - https:\/\/yoast.com\/product\/yoast-seo-wordpress\/ -->\n<title>Que contient la boite \u00e0 outils ? - Changer Ma Communaute<\/title>\n<meta name=\"robots\" content=\"index, follow, max-snippet:-1, max-image-preview:large, max-video-preview:-1\" \/>\n<link rel=\"canonical\" href=\"https:\/\/changemycommunity.ctb.ku.edu\/fr\/que-contient-la-boite-a-outils\/\" \/>\n<meta property=\"og:locale\" content=\"en_US\" \/>\n<meta property=\"og:type\" content=\"article\" \/>\n<meta property=\"og:title\" content=\"Que contient la boite \u00e0 outils ? - Changer Ma Communaute\" \/>\n<meta property=\"og:description\" content=\"La bo\u00eete \u00e0 outils est divis\u00e9e en quatre sections principales pour vous guider \u00e0 travers les \u00e9tapes de pr\u00e9paration, de planification, de mise en \u0153uvre et d\u2019\u00e9valuation de votre campagne ...\" \/>\n<meta property=\"og:url\" content=\"https:\/\/changemycommunity.ctb.ku.edu\/fr\/que-contient-la-boite-a-outils\/\" \/>\n<meta property=\"og:site_name\" content=\"Changer Ma Communaute\" \/>\n<meta property=\"article:modified_time\" content=\"2022-04-04T13:21:52+00:00\" \/>\n<meta property=\"og:image\" content=\"https:\/\/changemycommunity.ctb.ku.edu\/fr\/wp-content\/uploads\/2021\/06\/WhatDoesToolboxContain-image.jpg\" \/>\n\t<meta property=\"og:image:width\" content=\"680\" \/>\n\t<meta property=\"og:image:height\" content=\"350\" \/>\n\t<meta property=\"og:image:type\" content=\"image\/jpeg\" \/>\n<meta name=\"twitter:card\" content=\"summary_large_image\" \/>\n<meta name=\"twitter:label1\" content=\"Est. reading time\" \/>\n\t<meta name=\"twitter:data1\" content=\"2 minutes\" \/>\n<script type=\"application\/ld+json\" class=\"yoast-schema-graph\">{\"@context\":\"https:\\\/\\\/schema.org\",\"@graph\":[{\"@type\":\"WebPage\",\"@id\":\"https:\\\/\\\/changemycommunity.ctb.ku.edu\\\/fr\\\/que-contient-la-boite-a-outils\\\/\",\"url\":\"https:\\\/\\\/changemycommunity.ctb.ku.edu\\\/fr\\\/que-contient-la-boite-a-outils\\\/\",\"name\":\"Que contient la boite \u00e0 outils ? - Changer Ma Communaute\",\"isPartOf\":{\"@id\":\"https:\\\/\\\/changemycommunity.ctb.ku.edu\\\/fr\\\/#website\"},\"primaryImageOfPage\":{\"@id\":\"https:\\\/\\\/changemycommunity.ctb.ku.edu\\\/fr\\\/que-contient-la-boite-a-outils\\\/#primaryimage\"},\"image\":{\"@id\":\"https:\\\/\\\/changemycommunity.ctb.ku.edu\\\/fr\\\/que-contient-la-boite-a-outils\\\/#primaryimage\"},\"thumbnailUrl\":\"https:\\\/\\\/changemycommunity.ctb.ku.edu\\\/fr\\\/wp-content\\\/uploads\\\/2021\\\/06\\\/WhatDoesToolboxContain-image.jpg\",\"datePublished\":\"2021-06-25T20:05:27+00:00\",\"dateModified\":\"2022-04-04T13:21:52+00:00\",\"breadcrumb\":{\"@id\":\"https:\\\/\\\/changemycommunity.ctb.ku.edu\\\/fr\\\/que-contient-la-boite-a-outils\\\/#breadcrumb\"},\"inLanguage\":\"en\",\"potentialAction\":[{\"@type\":\"ReadAction\",\"target\":[\"https:\\\/\\\/changemycommunity.ctb.ku.edu\\\/fr\\\/que-contient-la-boite-a-outils\\\/\"]}]},{\"@type\":\"ImageObject\",\"inLanguage\":\"en\",\"@id\":\"https:\\\/\\\/changemycommunity.ctb.ku.edu\\\/fr\\\/que-contient-la-boite-a-outils\\\/#primaryimage\",\"url\":\"https:\\\/\\\/changemycommunity.ctb.ku.edu\\\/fr\\\/wp-content\\\/uploads\\\/2021\\\/06\\\/WhatDoesToolboxContain-image.jpg\",\"contentUrl\":\"https:\\\/\\\/changemycommunity.ctb.ku.edu\\\/fr\\\/wp-content\\\/uploads\\\/2021\\\/06\\\/WhatDoesToolboxContain-image.jpg\",\"width\":680,\"height\":350,\"caption\":\"A group holding a workshop around a whiteboard.\"},{\"@type\":\"BreadcrumbList\",\"@id\":\"https:\\\/\\\/changemycommunity.ctb.ku.edu\\\/fr\\\/que-contient-la-boite-a-outils\\\/#breadcrumb\",\"itemListElement\":[{\"@type\":\"ListItem\",\"position\":1,\"name\":\"Home\",\"item\":\"https:\\\/\\\/changemycommunity.ctb.ku.edu\\\/fr\\\/\"},{\"@type\":\"ListItem\",\"position\":2,\"name\":\"Que contient la boite \u00e0 outils ?\"}]},{\"@type\":\"WebSite\",\"@id\":\"https:\\\/\\\/changemycommunity.ctb.ku.edu\\\/fr\\\/#website\",\"url\":\"https:\\\/\\\/changemycommunity.ctb.ku.edu\\\/fr\\\/\",\"name\":\"Changer Ma Communaute\",\"description\":\"Institut National d&eacute;mocratique\",\"potentialAction\":[{\"@type\":\"SearchAction\",\"target\":{\"@type\":\"EntryPoint\",\"urlTemplate\":\"https:\\\/\\\/changemycommunity.ctb.ku.edu\\\/fr\\\/?s={search_term_string}\"},\"query-input\":{\"@type\":\"PropertyValueSpecification\",\"valueRequired\":true,\"valueName\":\"search_term_string\"}}],\"inLanguage\":\"en\"}]}<\/script>\n<!-- \/ Yoast SEO plugin. -->","yoast_head_json":{"title":"Que contient la boite \u00e0 outils ? - Changer Ma Communaute","robots":{"index":"index","follow":"follow","max-snippet":"max-snippet:-1","max-image-preview":"max-image-preview:large","max-video-preview":"max-video-preview:-1"},"canonical":"https:\/\/changemycommunity.ctb.ku.edu\/fr\/que-contient-la-boite-a-outils\/","og_locale":"en_US","og_type":"article","og_title":"Que contient la boite \u00e0 outils ? - Changer Ma Communaute","og_description":"La bo\u00eete \u00e0 outils est divis\u00e9e en quatre sections principales pour vous guider \u00e0 travers les \u00e9tapes de pr\u00e9paration, de planification, de mise en \u0153uvre et d\u2019\u00e9valuation de votre campagne ...","og_url":"https:\/\/changemycommunity.ctb.ku.edu\/fr\/que-contient-la-boite-a-outils\/","og_site_name":"Changer Ma Communaute","article_modified_time":"2022-04-04T13:21:52+00:00","og_image":[{"width":680,"height":350,"url":"https:\/\/changemycommunity.ctb.ku.edu\/fr\/wp-content\/uploads\/2021\/06\/WhatDoesToolboxContain-image.jpg","type":"image\/jpeg"}],"twitter_card":"summary_large_image","twitter_misc":{"Est. reading time":"2 minutes"},"schema":{"@context":"https:\/\/schema.org","@graph":[{"@type":"WebPage","@id":"https:\/\/changemycommunity.ctb.ku.edu\/fr\/que-contient-la-boite-a-outils\/","url":"https:\/\/changemycommunity.ctb.ku.edu\/fr\/que-contient-la-boite-a-outils\/","name":"Que contient la boite \u00e0 outils ? - Changer Ma Communaute","isPartOf":{"@id":"https:\/\/changemycommunity.ctb.ku.edu\/fr\/#website"},"primaryImageOfPage":{"@id":"https:\/\/changemycommunity.ctb.ku.edu\/fr\/que-contient-la-boite-a-outils\/#primaryimage"},"image":{"@id":"https:\/\/changemycommunity.ctb.ku.edu\/fr\/que-contient-la-boite-a-outils\/#primaryimage"},"thumbnailUrl":"https:\/\/changemycommunity.ctb.ku.edu\/fr\/wp-content\/uploads\/2021\/06\/WhatDoesToolboxContain-image.jpg","datePublished":"2021-06-25T20:05:27+00:00","dateModified":"2022-04-04T13:21:52+00:00","breadcrumb":{"@id":"https:\/\/changemycommunity.ctb.ku.edu\/fr\/que-contient-la-boite-a-outils\/#breadcrumb"},"inLanguage":"en","potentialAction":[{"@type":"ReadAction","target":["https:\/\/changemycommunity.ctb.ku.edu\/fr\/que-contient-la-boite-a-outils\/"]}]},{"@type":"ImageObject","inLanguage":"en","@id":"https:\/\/changemycommunity.ctb.ku.edu\/fr\/que-contient-la-boite-a-outils\/#primaryimage","url":"https:\/\/changemycommunity.ctb.ku.edu\/fr\/wp-content\/uploads\/2021\/06\/WhatDoesToolboxContain-image.jpg","contentUrl":"https:\/\/changemycommunity.ctb.ku.edu\/fr\/wp-content\/uploads\/2021\/06\/WhatDoesToolboxContain-image.jpg","width":680,"height":350,"caption":"A group holding a workshop around a whiteboard."},{"@type":"BreadcrumbList","@id":"https:\/\/changemycommunity.ctb.ku.edu\/fr\/que-contient-la-boite-a-outils\/#breadcrumb","itemListElement":[{"@type":"ListItem","position":1,"name":"Home","item":"https:\/\/changemycommunity.ctb.ku.edu\/fr\/"},{"@type":"ListItem","position":2,"name":"Que contient la boite \u00e0 outils ?"}]},{"@type":"WebSite","@id":"https:\/\/changemycommunity.ctb.ku.edu\/fr\/#website","url":"https:\/\/changemycommunity.ctb.ku.edu\/fr\/","name":"Changer Ma Communaute","description":"Institut National d&eacute;mocratique","potentialAction":[{"@type":"SearchAction","target":{"@type":"EntryPoint","urlTemplate":"https:\/\/changemycommunity.ctb.ku.edu\/fr\/?s={search_term_string}"},"query-input":{"@type":"PropertyValueSpecification","valueRequired":true,"valueName":"search_term_string"}}],"inLanguage":"en"}]}},"_links":{"self":[{"href":"https:\/\/changemycommunity.ctb.ku.edu\/fr\/wp-json\/wp\/v2\/pages\/1561","targetHints":{"allow":["GET"]}}],"collection":[{"href":"https:\/\/changemycommunity.ctb.ku.edu\/fr\/wp-json\/wp\/v2\/pages"}],"about":[{"href":"https:\/\/changemycommunity.ctb.ku.edu\/fr\/wp-json\/wp\/v2\/types\/page"}],"author":[{"embeddable":true,"href":"https:\/\/changemycommunity.ctb.ku.edu\/fr\/wp-json\/wp\/v2\/users\/1"}],"replies":[{"embeddable":true,"href":"https:\/\/changemycommunity.ctb.ku.edu\/fr\/wp-json\/wp\/v2\/comments?post=1561"}],"version-history":[{"count":5,"href":"https:\/\/changemycommunity.ctb.ku.edu\/fr\/wp-json\/wp\/v2\/pages\/1561\/revisions"}],"predecessor-version":[{"id":1613,"href":"https:\/\/changemycommunity.ctb.ku.edu\/fr\/wp-json\/wp\/v2\/pages\/1561\/revisions\/1613"}],"wp:featuredmedia":[{"embeddable":true,"href":"https:\/\/changemycommunity.ctb.ku.edu\/fr\/wp-json\/wp\/v2\/media\/1465"}],"wp:attachment":[{"href":"https:\/\/changemycommunity.ctb.ku.edu\/fr\/wp-json\/wp\/v2\/media?parent=1561"}],"curies":[{"name":"wp","href":"https:\/\/api.w.org\/{rel}","templated":true}]}}