{"id":1557,"date":"2021-06-25T19:46:48","date_gmt":"2021-06-25T19:46:48","guid":{"rendered":"https:\/\/changemycommunity.ctb.ku.edu\/fr\/?page_id=1557"},"modified":"2022-04-04T13:21:39","modified_gmt":"2022-04-04T13:21:39","slug":"qui-devrait-utiliser-la-boite-a-outils","status":"publish","type":"page","link":"https:\/\/changemycommunity.ctb.ku.edu\/fr\/qui-devrait-utiliser-la-boite-a-outils\/","title":{"rendered":"Qui devrait utiliser la bo\u00eete \u00e0 outils?"},"content":{"rendered":"<p>Cette bo\u00eete \u00e0 outils fournit des conseils et des ressources pratiques aux jeunes dirigeants qui s\u2019efforcent de changer leurs communaut\u00e9s. Plus pr\u00e9cis\u00e9ment, elle reconna\u00eet le pouvoir de l\u2019activisme politique organis\u00e9 pour promouvoir le changement positif et se concentre sur le processus dynamique de planification et de gestion d\u2019une campagne communautaire. Par exemple, ces campagnes peuvent \u00eatre men\u00e9es dans un village, un quartier ou sur un campus universitaire. Dans chaque cas, l\u2019objectif de la campagne serait de convaincre une autorit\u00e9 d\u00e9cisionnaire de r\u00e9pondre \u00e0 un besoin imm\u00e9diat de la communaut\u00e9.<\/p>\n<p>L\u2019approche d\u00e9crite dans la bo\u00eete \u00e0 outils n\u2019est pas n\u00e9cessairement destin\u00e9e \u00e0 r\u00e9soudre des probl\u00e8mes \u00e0 grande \u00e9chelle ou \u00e0 cr\u00e9er un m\u00e9canisme de participation durable. Il est pr\u00e9f\u00e9rable de l\u2019utiliser pour r\u00e9soudre un probl\u00e8me local discret et tangible. Cependant, elle peut servir de premi\u00e8re \u00e9tape importante pour renforcer le pouvoir et l\u2019influence des jeunes qui pourraient \u00eatre int\u00e9ress\u00e9s \u00e0 s&#8217;\u00e9tablir comme acteurs du changement.<\/p>\n<p>Bien que cette bo\u00eete \u00e0 outils soit con\u00e7ue pour les jeunes, elle peut \u00eatre utile \u00e0 tout citoyen d\u00e9sireux de concevoir et de mener une campagne locale.<\/p>\n<p>&nbsp;<\/p>\n\n<table id=\"tablepress-3\" class=\"tablepress tablepress-id-3\">\n<tbody>\n<tr class=\"row-1\">\n\t<td class=\"column-1\"><a href=\"\/fr\/qui-devrait-utiliser-la-boite-a-outils\/\">QUI DEVRAIT UTILISER LA BOITE A OUTILS?<\/a><\/td><td class=\"column-2\"><a href=\"\/fr\/que-contient-la-boite-a-outils\/\">QUE CONTIENT LA BOITE A OUTILS?<\/a><\/td><td class=\"column-3\"><a href=\"\/fr\/appui\/\">APPUI<\/a><\/td>\n<\/tr>\n<\/tbody>\n<\/table>\n\n","protected":false},"excerpt":{"rendered":"<p>Cette bo\u00eete \u00e0 outils fournit des conseils et des ressources pratiques aux jeunes dirigeants qui s\u2019efforcent de changer leurs communaut\u00e9s. Plus pr\u00e9cis\u00e9ment, elle reconna\u00eet le pouvoir de l\u2019activisme politique organis\u00e9 &#8230;<\/p>\n","protected":false},"author":1,"featured_media":1466,"parent":0,"menu_order":0,"comment_status":"closed","ping_status":"closed","template":"","meta":{"footnotes":""},"class_list":["post-1557","page","type-page","status-publish","has-post-thumbnail","hentry"],"yoast_head":"<!-- This site is optimized with the Yoast SEO plugin v27.5 - https:\/\/yoast.com\/product\/yoast-seo-wordpress\/ -->\n<title>Qui devrait utiliser la bo\u00eete \u00e0 outils? - Changer Ma Communaute<\/title>\n<meta name=\"robots\" content=\"index, follow, max-snippet:-1, max-image-preview:large, max-video-preview:-1\" \/>\n<link rel=\"canonical\" href=\"https:\/\/changemycommunity.ctb.ku.edu\/fr\/qui-devrait-utiliser-la-boite-a-outils\/\" \/>\n<meta property=\"og:locale\" content=\"en_US\" \/>\n<meta property=\"og:type\" content=\"article\" \/>\n<meta property=\"og:title\" content=\"Qui devrait utiliser la bo\u00eete \u00e0 outils? - Changer Ma Communaute\" \/>\n<meta property=\"og:description\" content=\"Cette bo\u00eete \u00e0 outils fournit des conseils et des ressources pratiques aux jeunes dirigeants qui s\u2019efforcent de changer leurs communaut\u00e9s. Plus pr\u00e9cis\u00e9ment, elle reconna\u00eet le pouvoir de l\u2019activisme politique organis\u00e9 ...\" \/>\n<meta property=\"og:url\" content=\"https:\/\/changemycommunity.ctb.ku.edu\/fr\/qui-devrait-utiliser-la-boite-a-outils\/\" \/>\n<meta property=\"og:site_name\" content=\"Changer Ma Communaute\" \/>\n<meta property=\"article:modified_time\" content=\"2022-04-04T13:21:39+00:00\" \/>\n<meta property=\"og:image\" content=\"https:\/\/changemycommunity.ctb.ku.edu\/fr\/wp-content\/uploads\/2021\/06\/WhoShouldUseToolbox-image.jpg\" \/>\n\t<meta property=\"og:image:width\" content=\"640\" \/>\n\t<meta property=\"og:image:height\" content=\"350\" \/>\n\t<meta property=\"og:image:type\" content=\"image\/jpeg\" \/>\n<meta name=\"twitter:card\" content=\"summary_large_image\" \/>\n<meta name=\"twitter:label1\" content=\"Est. reading time\" \/>\n\t<meta name=\"twitter:data1\" content=\"1 minute\" \/>\n<script type=\"application\/ld+json\" class=\"yoast-schema-graph\">{\"@context\":\"https:\\\/\\\/schema.org\",\"@graph\":[{\"@type\":\"WebPage\",\"@id\":\"https:\\\/\\\/changemycommunity.ctb.ku.edu\\\/fr\\\/qui-devrait-utiliser-la-boite-a-outils\\\/\",\"url\":\"https:\\\/\\\/changemycommunity.ctb.ku.edu\\\/fr\\\/qui-devrait-utiliser-la-boite-a-outils\\\/\",\"name\":\"Qui devrait utiliser la bo\u00eete \u00e0 outils? - Changer Ma Communaute\",\"isPartOf\":{\"@id\":\"https:\\\/\\\/changemycommunity.ctb.ku.edu\\\/fr\\\/#website\"},\"primaryImageOfPage\":{\"@id\":\"https:\\\/\\\/changemycommunity.ctb.ku.edu\\\/fr\\\/qui-devrait-utiliser-la-boite-a-outils\\\/#primaryimage\"},\"image\":{\"@id\":\"https:\\\/\\\/changemycommunity.ctb.ku.edu\\\/fr\\\/qui-devrait-utiliser-la-boite-a-outils\\\/#primaryimage\"},\"thumbnailUrl\":\"https:\\\/\\\/changemycommunity.ctb.ku.edu\\\/fr\\\/wp-content\\\/uploads\\\/2021\\\/06\\\/WhoShouldUseToolbox-image.jpg\",\"datePublished\":\"2021-06-25T19:46:48+00:00\",\"dateModified\":\"2022-04-04T13:21:39+00:00\",\"breadcrumb\":{\"@id\":\"https:\\\/\\\/changemycommunity.ctb.ku.edu\\\/fr\\\/qui-devrait-utiliser-la-boite-a-outils\\\/#breadcrumb\"},\"inLanguage\":\"en\",\"potentialAction\":[{\"@type\":\"ReadAction\",\"target\":[\"https:\\\/\\\/changemycommunity.ctb.ku.edu\\\/fr\\\/qui-devrait-utiliser-la-boite-a-outils\\\/\"]}]},{\"@type\":\"ImageObject\",\"inLanguage\":\"en\",\"@id\":\"https:\\\/\\\/changemycommunity.ctb.ku.edu\\\/fr\\\/qui-devrait-utiliser-la-boite-a-outils\\\/#primaryimage\",\"url\":\"https:\\\/\\\/changemycommunity.ctb.ku.edu\\\/fr\\\/wp-content\\\/uploads\\\/2021\\\/06\\\/WhoShouldUseToolbox-image.jpg\",\"contentUrl\":\"https:\\\/\\\/changemycommunity.ctb.ku.edu\\\/fr\\\/wp-content\\\/uploads\\\/2021\\\/06\\\/WhoShouldUseToolbox-image.jpg\",\"width\":640,\"height\":350,\"caption\":\"Four young adults sitting on the grass in discussion.\"},{\"@type\":\"BreadcrumbList\",\"@id\":\"https:\\\/\\\/changemycommunity.ctb.ku.edu\\\/fr\\\/qui-devrait-utiliser-la-boite-a-outils\\\/#breadcrumb\",\"itemListElement\":[{\"@type\":\"ListItem\",\"position\":1,\"name\":\"Home\",\"item\":\"https:\\\/\\\/changemycommunity.ctb.ku.edu\\\/fr\\\/\"},{\"@type\":\"ListItem\",\"position\":2,\"name\":\"Qui devrait utiliser la bo\u00eete \u00e0 outils?\"}]},{\"@type\":\"WebSite\",\"@id\":\"https:\\\/\\\/changemycommunity.ctb.ku.edu\\\/fr\\\/#website\",\"url\":\"https:\\\/\\\/changemycommunity.ctb.ku.edu\\\/fr\\\/\",\"name\":\"Changer Ma Communaute\",\"description\":\"Institut National d&eacute;mocratique\",\"potentialAction\":[{\"@type\":\"SearchAction\",\"target\":{\"@type\":\"EntryPoint\",\"urlTemplate\":\"https:\\\/\\\/changemycommunity.ctb.ku.edu\\\/fr\\\/?s={search_term_string}\"},\"query-input\":{\"@type\":\"PropertyValueSpecification\",\"valueRequired\":true,\"valueName\":\"search_term_string\"}}],\"inLanguage\":\"en\"}]}<\/script>\n<!-- \/ Yoast SEO plugin. -->","yoast_head_json":{"title":"Qui devrait utiliser la bo\u00eete \u00e0 outils? - Changer Ma Communaute","robots":{"index":"index","follow":"follow","max-snippet":"max-snippet:-1","max-image-preview":"max-image-preview:large","max-video-preview":"max-video-preview:-1"},"canonical":"https:\/\/changemycommunity.ctb.ku.edu\/fr\/qui-devrait-utiliser-la-boite-a-outils\/","og_locale":"en_US","og_type":"article","og_title":"Qui devrait utiliser la bo\u00eete \u00e0 outils? - Changer Ma Communaute","og_description":"Cette bo\u00eete \u00e0 outils fournit des conseils et des ressources pratiques aux jeunes dirigeants qui s\u2019efforcent de changer leurs communaut\u00e9s. Plus pr\u00e9cis\u00e9ment, elle reconna\u00eet le pouvoir de l\u2019activisme politique organis\u00e9 ...","og_url":"https:\/\/changemycommunity.ctb.ku.edu\/fr\/qui-devrait-utiliser-la-boite-a-outils\/","og_site_name":"Changer Ma Communaute","article_modified_time":"2022-04-04T13:21:39+00:00","og_image":[{"width":640,"height":350,"url":"https:\/\/changemycommunity.ctb.ku.edu\/fr\/wp-content\/uploads\/2021\/06\/WhoShouldUseToolbox-image.jpg","type":"image\/jpeg"}],"twitter_card":"summary_large_image","twitter_misc":{"Est. reading time":"1 minute"},"schema":{"@context":"https:\/\/schema.org","@graph":[{"@type":"WebPage","@id":"https:\/\/changemycommunity.ctb.ku.edu\/fr\/qui-devrait-utiliser-la-boite-a-outils\/","url":"https:\/\/changemycommunity.ctb.ku.edu\/fr\/qui-devrait-utiliser-la-boite-a-outils\/","name":"Qui devrait utiliser la bo\u00eete \u00e0 outils? - Changer Ma Communaute","isPartOf":{"@id":"https:\/\/changemycommunity.ctb.ku.edu\/fr\/#website"},"primaryImageOfPage":{"@id":"https:\/\/changemycommunity.ctb.ku.edu\/fr\/qui-devrait-utiliser-la-boite-a-outils\/#primaryimage"},"image":{"@id":"https:\/\/changemycommunity.ctb.ku.edu\/fr\/qui-devrait-utiliser-la-boite-a-outils\/#primaryimage"},"thumbnailUrl":"https:\/\/changemycommunity.ctb.ku.edu\/fr\/wp-content\/uploads\/2021\/06\/WhoShouldUseToolbox-image.jpg","datePublished":"2021-06-25T19:46:48+00:00","dateModified":"2022-04-04T13:21:39+00:00","breadcrumb":{"@id":"https:\/\/changemycommunity.ctb.ku.edu\/fr\/qui-devrait-utiliser-la-boite-a-outils\/#breadcrumb"},"inLanguage":"en","potentialAction":[{"@type":"ReadAction","target":["https:\/\/changemycommunity.ctb.ku.edu\/fr\/qui-devrait-utiliser-la-boite-a-outils\/"]}]},{"@type":"ImageObject","inLanguage":"en","@id":"https:\/\/changemycommunity.ctb.ku.edu\/fr\/qui-devrait-utiliser-la-boite-a-outils\/#primaryimage","url":"https:\/\/changemycommunity.ctb.ku.edu\/fr\/wp-content\/uploads\/2021\/06\/WhoShouldUseToolbox-image.jpg","contentUrl":"https:\/\/changemycommunity.ctb.ku.edu\/fr\/wp-content\/uploads\/2021\/06\/WhoShouldUseToolbox-image.jpg","width":640,"height":350,"caption":"Four young adults sitting on the grass in discussion."},{"@type":"BreadcrumbList","@id":"https:\/\/changemycommunity.ctb.ku.edu\/fr\/qui-devrait-utiliser-la-boite-a-outils\/#breadcrumb","itemListElement":[{"@type":"ListItem","position":1,"name":"Home","item":"https:\/\/changemycommunity.ctb.ku.edu\/fr\/"},{"@type":"ListItem","position":2,"name":"Qui devrait utiliser la bo\u00eete \u00e0 outils?"}]},{"@type":"WebSite","@id":"https:\/\/changemycommunity.ctb.ku.edu\/fr\/#website","url":"https:\/\/changemycommunity.ctb.ku.edu\/fr\/","name":"Changer Ma Communaute","description":"Institut National d&eacute;mocratique","potentialAction":[{"@type":"SearchAction","target":{"@type":"EntryPoint","urlTemplate":"https:\/\/changemycommunity.ctb.ku.edu\/fr\/?s={search_term_string}"},"query-input":{"@type":"PropertyValueSpecification","valueRequired":true,"valueName":"search_term_string"}}],"inLanguage":"en"}]}},"_links":{"self":[{"href":"https:\/\/changemycommunity.ctb.ku.edu\/fr\/wp-json\/wp\/v2\/pages\/1557","targetHints":{"allow":["GET"]}}],"collection":[{"href":"https:\/\/changemycommunity.ctb.ku.edu\/fr\/wp-json\/wp\/v2\/pages"}],"about":[{"href":"https:\/\/changemycommunity.ctb.ku.edu\/fr\/wp-json\/wp\/v2\/types\/page"}],"author":[{"embeddable":true,"href":"https:\/\/changemycommunity.ctb.ku.edu\/fr\/wp-json\/wp\/v2\/users\/1"}],"replies":[{"embeddable":true,"href":"https:\/\/changemycommunity.ctb.ku.edu\/fr\/wp-json\/wp\/v2\/comments?post=1557"}],"version-history":[{"count":3,"href":"https:\/\/changemycommunity.ctb.ku.edu\/fr\/wp-json\/wp\/v2\/pages\/1557\/revisions"}],"predecessor-version":[{"id":1614,"href":"https:\/\/changemycommunity.ctb.ku.edu\/fr\/wp-json\/wp\/v2\/pages\/1557\/revisions\/1614"}],"wp:featuredmedia":[{"embeddable":true,"href":"https:\/\/changemycommunity.ctb.ku.edu\/fr\/wp-json\/wp\/v2\/media\/1466"}],"wp:attachment":[{"href":"https:\/\/changemycommunity.ctb.ku.edu\/fr\/wp-json\/wp\/v2\/media?parent=1557"}],"curies":[{"name":"wp","href":"https:\/\/api.w.org\/{rel}","templated":true}]}}