{"id":1547,"date":"2021-06-25T19:25:54","date_gmt":"2021-06-25T19:25:54","guid":{"rendered":"https:\/\/changemycommunity.ctb.ku.edu\/fr\/?page_id=1547"},"modified":"2022-04-04T13:21:25","modified_gmt":"2022-04-04T13:21:25","slug":"reflexion","status":"publish","type":"page","link":"https:\/\/changemycommunity.ctb.ku.edu\/fr\/reflexion\/","title":{"rendered":"R\u00e9flexion"},"content":{"rendered":"<p>Apr\u00e8s avoir termin\u00e9 votre campagne, il est utile de r\u00e9fl\u00e9chir \u00e0 votre exp\u00e9rience. A-t-elle fonctionn\u00e9 ? Qu\u2019est-ce qui a \u00e9t\u00e9 efficace et qu\u2019est-ce qui ne l\u2019a pas \u00e9t\u00e9 ? Que feriez-vous diff\u00e9remment la prochaine fois ? Des questions de ce genre peuvent \u00e9clairer les efforts futurs pour pr\u00e9parer les gens au changement.<\/p>\n<p>Vous trouverez ci-dessous une s\u00e9rie de questions pour guider la r\u00e9flexion sur votre campagne ou votre initiative. Ces questions peuvent vous aider \u00e0 r\u00e9fl\u00e9chir de mani\u00e8re critique \u00e0 votre exp\u00e9rience, afin de faciliter votre apprentissage et votre croissance.<\/p>\n\n<table id=\"tablepress-2\" class=\"tablepress tablepress-id-2\">\n<thead>\n<tr class=\"row-1\">\n\t<th class=\"column-1\"><strong>Question<\/strong><\/th><th class=\"column-2\"><strong>Objectif<\/strong><\/th>\n<\/tr>\n<\/thead>\n<tbody class=\"row-striping\">\n<tr class=\"row-2\">\n\t<td class=\"column-1\">\u25cf\tQue devait-il se passer ?<br \/>\n\u25cf\tQue s\u2019est-il r\u00e9ellement pass\u00e9 ?<br \/>\n\u25cf\tPourquoi y a-t-il eu des diff\u00e9rences ?<\/td><td class=\"column-2\">Ces questions permettent d\u2019\u00e9tablir une compr\u00e9hension commune du sujet. Vous devez encourager et promouvoir la discussion autour de ces questions. En particulier, les divergences par rapport au plan devraient \u00eatre explor\u00e9es.<\/td>\n<\/tr>\n<tr class=\"row-3\">\n\t<td class=\"column-1\">\u25cf\tQu\u2019est-ce qui a il est utile ?<br \/>\n\u25cf\tQu'est-ce qui n\u2019a pas march\u00e9 ?<br \/>\n\u25cf\tPourquoi ?<\/td><td class=\"column-2\">Ces questions suscitent une r\u00e9flexion sur les r\u00e9ussites et les \u00e9checs au cours du projet, de l\u2019activit\u00e9, de l\u2019\u00e9v\u00e9nement ou de la t\u00e2che. La question \u00ab pourquoi ? \u00bb permet de comprendre les causes profondes de ces succ\u00e8s et \u00e9checs.<\/td>\n<\/tr>\n<tr class=\"row-4\">\n\t<td class=\"column-1\">\u25cf\tQue feriez-vous diff\u00e9remment la prochaine fois ?<\/td><td class=\"column-2\">Cette question a pour but d\u2019aider \u00e0 identifier des recommandations sp\u00e9cifiques et r\u00e9alisables. Vous devez solliciter des recommandations claires et nettes, r\u00e9alisables et orient\u00e9es vers l\u2019avenir.<\/td>\n<\/tr>\n<\/tbody>\n<\/table>\n\n<p style=\"text-align: right;\"><em>(From <a href=\"http:\/\/www.betterevaluation.org\/en\/evaluation-options\/after_action_review\" target=\"_blank\" rel=\"noopener noreferrer\">BetterEvaluation<\/a>)<\/em><\/p>\n<p>&nbsp;<\/p>\n<p>La vid\u00e9o ci-dessous explique plus en d\u00e9tail le processus de r\u00e9flexion. Bien qu\u2019elle fasse r\u00e9f\u00e9rence \u00e0 des \u00ab\u00a0\u00e9tudiants\u00a0\u00bb, le contenu est applicable \u00e0 votre exp\u00e9rience de l\u2019organisation et de la r\u00e9alisation d\u2019une campagne.<\/p>\n<p><center><iframe loading=\"lazy\" src=\"https:\/\/www.youtube.com\/embed\/nPNUh2IsFnw\" width=\"560\" height=\"315\" frameborder=\"0\" allowfullscreen=\"allowfullscreen\"><\/iframe><\/center>&nbsp;<\/p>\n\n<table id=\"tablepress-1\" class=\"tablepress tablepress-id-1\">\n<tbody>\n<tr class=\"row-1\">\n\t<td class=\"column-1\"><a href=\"\/fr\/pour-commencer\/\">POUR COMMENCER<\/a><\/td><td class=\"column-2\"><a href=\"\/fr\/strategie-et-planification-de-la-campagne\/\">STRATEGIE ET PLANIFICATION DE LA CAMPAGNE<\/a><\/td><td class=\"column-3\"><a href=\"\/fr\/gestion-de-la-campagne\/\">GESTION DE LA CAMPAGNE<\/a><\/td><td class=\"column-4\"><a href=\"\/fr\/reflexion\/\">REFLEXION<\/a><\/td>\n<\/tr>\n<\/tbody>\n<\/table>\n\n","protected":false},"excerpt":{"rendered":"<p>Apr\u00e8s avoir termin\u00e9 votre campagne, il est utile de r\u00e9fl\u00e9chir \u00e0 votre exp\u00e9rience. A-t-elle fonctionn\u00e9 ? Qu\u2019est-ce qui a \u00e9t\u00e9 efficace et qu\u2019est-ce qui ne l\u2019a pas \u00e9t\u00e9 ? Que &#8230;<\/p>\n","protected":false},"author":1,"featured_media":0,"parent":0,"menu_order":0,"comment_status":"closed","ping_status":"closed","template":"","meta":{"footnotes":""},"class_list":["post-1547","page","type-page","status-publish","hentry"],"yoast_head":"<!-- This site is optimized with the Yoast SEO plugin v27.4 - https:\/\/yoast.com\/product\/yoast-seo-wordpress\/ -->\n<title>R\u00e9flexion - Changer Ma Communaute<\/title>\n<meta name=\"robots\" content=\"index, follow, max-snippet:-1, max-image-preview:large, max-video-preview:-1\" \/>\n<link rel=\"canonical\" href=\"https:\/\/changemycommunity.ctb.ku.edu\/fr\/reflexion\/\" \/>\n<meta property=\"og:locale\" content=\"en_US\" \/>\n<meta property=\"og:type\" content=\"article\" \/>\n<meta property=\"og:title\" content=\"R\u00e9flexion - Changer Ma Communaute\" \/>\n<meta property=\"og:description\" content=\"Apr\u00e8s avoir termin\u00e9 votre campagne, il est utile de r\u00e9fl\u00e9chir \u00e0 votre exp\u00e9rience. A-t-elle fonctionn\u00e9 ? Qu\u2019est-ce qui a \u00e9t\u00e9 efficace et qu\u2019est-ce qui ne l\u2019a pas \u00e9t\u00e9 ? Que ...\" \/>\n<meta property=\"og:url\" content=\"https:\/\/changemycommunity.ctb.ku.edu\/fr\/reflexion\/\" \/>\n<meta property=\"og:site_name\" content=\"Changer Ma Communaute\" \/>\n<meta property=\"article:modified_time\" content=\"2022-04-04T13:21:25+00:00\" \/>\n<meta name=\"twitter:card\" content=\"summary_large_image\" \/>\n<meta name=\"twitter:label1\" content=\"Est. reading time\" \/>\n\t<meta name=\"twitter:data1\" content=\"1 minute\" \/>\n<script type=\"application\/ld+json\" class=\"yoast-schema-graph\">{\"@context\":\"https:\\\/\\\/schema.org\",\"@graph\":[{\"@type\":\"WebPage\",\"@id\":\"https:\\\/\\\/changemycommunity.ctb.ku.edu\\\/fr\\\/reflexion\\\/\",\"url\":\"https:\\\/\\\/changemycommunity.ctb.ku.edu\\\/fr\\\/reflexion\\\/\",\"name\":\"R\u00e9flexion - Changer Ma Communaute\",\"isPartOf\":{\"@id\":\"https:\\\/\\\/changemycommunity.ctb.ku.edu\\\/fr\\\/#website\"},\"datePublished\":\"2021-06-25T19:25:54+00:00\",\"dateModified\":\"2022-04-04T13:21:25+00:00\",\"breadcrumb\":{\"@id\":\"https:\\\/\\\/changemycommunity.ctb.ku.edu\\\/fr\\\/reflexion\\\/#breadcrumb\"},\"inLanguage\":\"en\",\"potentialAction\":[{\"@type\":\"ReadAction\",\"target\":[\"https:\\\/\\\/changemycommunity.ctb.ku.edu\\\/fr\\\/reflexion\\\/\"]}]},{\"@type\":\"BreadcrumbList\",\"@id\":\"https:\\\/\\\/changemycommunity.ctb.ku.edu\\\/fr\\\/reflexion\\\/#breadcrumb\",\"itemListElement\":[{\"@type\":\"ListItem\",\"position\":1,\"name\":\"Home\",\"item\":\"https:\\\/\\\/changemycommunity.ctb.ku.edu\\\/fr\\\/\"},{\"@type\":\"ListItem\",\"position\":2,\"name\":\"R\u00e9flexion\"}]},{\"@type\":\"WebSite\",\"@id\":\"https:\\\/\\\/changemycommunity.ctb.ku.edu\\\/fr\\\/#website\",\"url\":\"https:\\\/\\\/changemycommunity.ctb.ku.edu\\\/fr\\\/\",\"name\":\"Changer Ma Communaute\",\"description\":\"Institut National d&eacute;mocratique\",\"potentialAction\":[{\"@type\":\"SearchAction\",\"target\":{\"@type\":\"EntryPoint\",\"urlTemplate\":\"https:\\\/\\\/changemycommunity.ctb.ku.edu\\\/fr\\\/?s={search_term_string}\"},\"query-input\":{\"@type\":\"PropertyValueSpecification\",\"valueRequired\":true,\"valueName\":\"search_term_string\"}}],\"inLanguage\":\"en\"}]}<\/script>\n<!-- \/ Yoast SEO plugin. -->","yoast_head_json":{"title":"R\u00e9flexion - Changer Ma Communaute","robots":{"index":"index","follow":"follow","max-snippet":"max-snippet:-1","max-image-preview":"max-image-preview:large","max-video-preview":"max-video-preview:-1"},"canonical":"https:\/\/changemycommunity.ctb.ku.edu\/fr\/reflexion\/","og_locale":"en_US","og_type":"article","og_title":"R\u00e9flexion - Changer Ma Communaute","og_description":"Apr\u00e8s avoir termin\u00e9 votre campagne, il est utile de r\u00e9fl\u00e9chir \u00e0 votre exp\u00e9rience. A-t-elle fonctionn\u00e9 ? Qu\u2019est-ce qui a \u00e9t\u00e9 efficace et qu\u2019est-ce qui ne l\u2019a pas \u00e9t\u00e9 ? Que ...","og_url":"https:\/\/changemycommunity.ctb.ku.edu\/fr\/reflexion\/","og_site_name":"Changer Ma Communaute","article_modified_time":"2022-04-04T13:21:25+00:00","twitter_card":"summary_large_image","twitter_misc":{"Est. reading time":"1 minute"},"schema":{"@context":"https:\/\/schema.org","@graph":[{"@type":"WebPage","@id":"https:\/\/changemycommunity.ctb.ku.edu\/fr\/reflexion\/","url":"https:\/\/changemycommunity.ctb.ku.edu\/fr\/reflexion\/","name":"R\u00e9flexion - Changer Ma Communaute","isPartOf":{"@id":"https:\/\/changemycommunity.ctb.ku.edu\/fr\/#website"},"datePublished":"2021-06-25T19:25:54+00:00","dateModified":"2022-04-04T13:21:25+00:00","breadcrumb":{"@id":"https:\/\/changemycommunity.ctb.ku.edu\/fr\/reflexion\/#breadcrumb"},"inLanguage":"en","potentialAction":[{"@type":"ReadAction","target":["https:\/\/changemycommunity.ctb.ku.edu\/fr\/reflexion\/"]}]},{"@type":"BreadcrumbList","@id":"https:\/\/changemycommunity.ctb.ku.edu\/fr\/reflexion\/#breadcrumb","itemListElement":[{"@type":"ListItem","position":1,"name":"Home","item":"https:\/\/changemycommunity.ctb.ku.edu\/fr\/"},{"@type":"ListItem","position":2,"name":"R\u00e9flexion"}]},{"@type":"WebSite","@id":"https:\/\/changemycommunity.ctb.ku.edu\/fr\/#website","url":"https:\/\/changemycommunity.ctb.ku.edu\/fr\/","name":"Changer Ma Communaute","description":"Institut National d&eacute;mocratique","potentialAction":[{"@type":"SearchAction","target":{"@type":"EntryPoint","urlTemplate":"https:\/\/changemycommunity.ctb.ku.edu\/fr\/?s={search_term_string}"},"query-input":{"@type":"PropertyValueSpecification","valueRequired":true,"valueName":"search_term_string"}}],"inLanguage":"en"}]}},"_links":{"self":[{"href":"https:\/\/changemycommunity.ctb.ku.edu\/fr\/wp-json\/wp\/v2\/pages\/1547","targetHints":{"allow":["GET"]}}],"collection":[{"href":"https:\/\/changemycommunity.ctb.ku.edu\/fr\/wp-json\/wp\/v2\/pages"}],"about":[{"href":"https:\/\/changemycommunity.ctb.ku.edu\/fr\/wp-json\/wp\/v2\/types\/page"}],"author":[{"embeddable":true,"href":"https:\/\/changemycommunity.ctb.ku.edu\/fr\/wp-json\/wp\/v2\/users\/1"}],"replies":[{"embeddable":true,"href":"https:\/\/changemycommunity.ctb.ku.edu\/fr\/wp-json\/wp\/v2\/comments?post=1547"}],"version-history":[{"count":4,"href":"https:\/\/changemycommunity.ctb.ku.edu\/fr\/wp-json\/wp\/v2\/pages\/1547\/revisions"}],"predecessor-version":[{"id":1555,"href":"https:\/\/changemycommunity.ctb.ku.edu\/fr\/wp-json\/wp\/v2\/pages\/1547\/revisions\/1555"}],"wp:attachment":[{"href":"https:\/\/changemycommunity.ctb.ku.edu\/fr\/wp-json\/wp\/v2\/media?parent=1547"}],"curies":[{"name":"wp","href":"https:\/\/api.w.org\/{rel}","templated":true}]}}