{"id":1536,"date":"2021-06-25T19:02:51","date_gmt":"2021-06-25T19:02:51","guid":{"rendered":"https:\/\/changemycommunity.ctb.ku.edu\/fr\/?page_id=1536"},"modified":"2022-04-04T13:21:11","modified_gmt":"2022-04-04T13:21:11","slug":"gestion-de-la-campagne","status":"publish","type":"page","link":"https:\/\/changemycommunity.ctb.ku.edu\/fr\/gestion-de-la-campagne\/","title":{"rendered":"Gestion de la campagne"},"content":{"rendered":"<p>Apr\u00e8s avoir d\u00e9velopp\u00e9 votre strat\u00e9gie et \u00e9labor\u00e9 un plan de campagne d\u00e9taill\u00e9, il est temps de mettre ce plan en pratique ! Cette section fournit des ressources utiles pour la mise en \u0153uvre de votre campagne, y compris la gestion de la campagne, les qualit\u00e9s de leadership, le recrutement de b\u00e9n\u00e9voles, les r\u00e9unions de groupe, les communications et la s\u00e9curit\u00e9 num\u00e9rique.<\/p>\n<h2>Op\u00e9rations de base de la campagne<\/h2>\n<ul>\n<li><a href=\"http:\/\/ctb.ku.edu\/en\/table-of-contents\/advocacy\/direct-action\" target=\"_blank\" rel=\"noopener noreferrer\">Mener une campagne d\u2019action directe<\/a><\/li>\n<\/ul>\n<p>L\u2019action directe pour promouvoir le changement est au c\u0153ur de votre campagne. La boite \u00e0 outil communautaire propose des guides pour de nombreux types d&#8217;action diff\u00e9rents, et vous pouvez choisir ceux qui sont les plus pertinents pour votre propre campagne.<\/p>\n<ul>\n<li><a href=\"http:\/\/eng.taalamsharek.org\/citizen-participation\/core-skills\" target=\"_blank\" rel=\"noopener noreferrer\">Site Internet du NDI Taalamsharek (Je m\u2019engage), comp\u00e9tences de base en mati\u00e8re de participation citoyenne<\/a><\/li>\n<\/ul>\n<p>Ce site contient des formations sur les comp\u00e9tences essentielles en mati\u00e8re de participation citoyenne, notamment la pens\u00e9e critique, le leadership, la n\u00e9gociation et les r\u00e9unions externes.<\/p>\n<h2>Qualit\u00e9s de leadership<\/h2>\n<ul>\n<li><a href=\"http:\/\/ctb.ku.edu\/en\/table-of-contents\/leadership\/leadership-ideas\/leadership-challenges\/main\" target=\"_blank\" rel=\"noopener noreferrer\">Reconna\u00eetre les d\u00e9fis du leadership<\/a><\/li>\n<\/ul>\n<p>Diriger une campagne est difficile. Anticiper les d\u00e9fis et r\u00e9fl\u00e9chir \u00e0 des strat\u00e9gies pour faire face aux \u00e9checs fera de vous un meilleur dirigeant, plus adaptable.<\/p>\n<ul>\n<li><a href=\"http:\/\/culturalorganizing.org\/tag\/marshall-ganz\/\" target=\"_blank\" rel=\"noopener noreferrer\">B\u00e2tir un leadership culturel communautaire<\/a><\/li>\n<\/ul>\n<p>Le v\u00e9ritable leadership communautaire est ancr\u00e9 dans l\u2019engagement avec le pouvoir culturel local pour inspirer les autres \u00e0 atteindre leurs objectifs et \u00e0 devenir eux-m\u00eames des dirigeants. Cette ressource sugg\u00e8re de voir l\u2019esprit de leadership comme une pratique plut\u00f4t qu\u2019un poste.<\/p>\n<h2>Travailler avec la communaut\u00e9, recruter et g\u00e9rer des volontaires<\/h2>\n<ul>\n<li><a href=\"http:\/\/ctb.ku.edu\/en\/table-of-contents\/participation\/encouraging-involvement\/participant-contact\/main\" target=\"_blank\" rel=\"noopener noreferrer\">\u00c9tablir un contact personnel<\/a><\/li>\n<\/ul>\n<p>Vos interactions les plus r\u00e9ussies se feront en face \u00e0 face. Cette page est un guide pratique pour faire une bonne premi\u00e8re impression et formuler des demandes sp\u00e9cifiques.<\/p>\n<ul>\n<li><a href=\"http:\/\/ctb.ku.edu\/en\/table-of-contents\/structure\/volunteers\/recruiting\/main\" target=\"_blank\" rel=\"noopener noreferrer\">Recruter des b\u00e9n\u00e9voles<\/a><\/li>\n<\/ul>\n<p>Convaincre d\u2019autres personnes de se porter volontaires pour votre campagne multiplie votre pouvoir. Cette page donne des conseils sur o\u00f9 trouver des volontaires et sur la mani\u00e8re de leur demander de s\u2019engager.<\/p>\n<ul>\n<li><a href=\"http:\/\/ctb.ku.edu\/en\/table-of-contents\/assessment\/getting-issues-on-the-public-agenda\/community-presentations\/main\" target=\"_blank\" rel=\"noopener noreferrer\">Faire des pr\u00e9sentations \u00e0 la communaut\u00e9<\/a><\/li>\n<\/ul>\n<p>\u00c0 un moment donn\u00e9 de votre campagne, vous pr\u00e9senterez probablement vos arguments aux membres de votre communaut\u00e9 afin promouvoir votre travail et d\u2019obtenir un appui.<\/p>\n<ul>\n<li>\u00c9quipes de b\u00e9n\u00e9voles : <a href=\"https:\/\/www.youtube.com\/watch?v=o2WFM111_xU\">Pourquoi s\u2019organiser en \u00e9quipes<\/a> ; <a href=\"https:\/\/www.youtube.com\/watch?v=lIoCm1ashZs\">structures d\u2019\u00e9quipe<\/a> ; <a href=\"https:\/\/www.youtube.com\/watch?v=zQha0d0xmb8\">quelles structures d\u2019\u00e9quipe fonctionnent le mieux<\/a> ; <a href=\"https:\/\/www.youtube.com\/watch?v=IsLY9ya417k\">comment cr\u00e9er de grandes \u00e9quipes<\/a> ; <a href=\"https:\/\/www.youtube.com\/watch?v=_mSnpnfrzLw\">soutenir de grandes \u00e9quipes<\/a>.<\/li>\n<\/ul>\n<p>Avec un grand nombre de b\u00e9n\u00e9voles, il est logique de mettre en place des \u00e9quipes de b\u00e9n\u00e9voles pour organiser leur travail (et vous d\u00e9charger de certaines responsabilit\u00e9s). Cette s\u00e9rie de vid\u00e9os explique comment cr\u00e9er et soutenir des \u00e9quipes de b\u00e9n\u00e9voles.<\/p>\n<ul>\n<li><a href=\"http:\/\/ctb.ku.edu\/en\/table-of-contents\/leadership\/group-facilitation\" target=\"_blank\" rel=\"noopener noreferrer\">Animation de petits groupes<\/a><\/li>\n<\/ul>\n<p>Il est important de tenir des r\u00e9unions efficaces pour recueillir les suggestions des gens et prendre des d\u00e9cisions majeures. Cette page vous guide dans la planification de r\u00e9unions efficaces, la facilitation de discussions ouvertes et la gestion des d\u00e9saccords ou des conflits lors de vos r\u00e9unions.<\/p>\n<h2>R\u00e9flexion int\u00e9gr\u00e9e<\/h2>\n<ul>\n<li>Il est utile de prendre du recul et d\u2019examiner le mode de fonctionnement de votre strat\u00e9gie et votre plan et si vous devez apporter des changements ou ajustements tout au long de votre campagne. Le cycle de r\u00e9flexion de Gibbs est un excellent mod\u00e8le \u00e0 adopter.<\/li>\n<\/ul>\n<h2>Communications et m\u00e9dias sociaux<\/h2>\n<p>Communiquer efficacement est essentiel pour r\u00e9ussir dans le domaine du plaidoyer. Que vous vous adressiez \u00e0 des membres de la communaut\u00e9, \u00e0 des b\u00e9n\u00e9voles potentiels, \u00e0 des politiciens, \u00e0 la presse ou par le biais des m\u00e9dias sociaux, il est important de r\u00e9fl\u00e9chir \u00e0 la mani\u00e8re dont vous vous pr\u00e9sentez et dont vous faites passer votre message pour obtenir du soutien. Ces plateformes peuvent \u00eatre utiles pour sensibiliser le public au probl\u00e8me que vous souhaitez aborder, pour obtenir un soutien pour votre campagne et pour faire pression sur les d\u00e9cideurs afin qu&#8217;ils prennent des mesures pour r\u00e9soudre le probl\u00e8me en question.<\/p>\n<ul>\n<li><a href=\"https:\/\/ctb.ku.edu\/en\/table-of-contents\/participation\/promoting-interest\">Promouvoir l\u2019int\u00e9r\u00eat \u00e0 travers les communications<\/a><\/li>\n<\/ul>\n<p>Il existe de nombreuses opportunit\u00e9s de communication pour promouvoir votre cause. Ce guide vous aidera \u00e0 \u00e9laborer un plan de communication et \u00e0 cr\u00e9er un certain nombre d&#8217;\u00e9l\u00e9ments m\u00e9diatiques diff\u00e9rents.<\/p>\n<ul>\n<li><a href=\"https:\/\/ctb.ku.edu\/en\/table-of-contents\/advocacy\/media-advocacy\">Engagement m\u00e9diatique<\/a><\/li>\n<\/ul>\n<p>Une fois que vous aurez commenc\u00e9 \u00e0 \u00e9laborer votre campagne, vous voudrez vous adresser aux m\u00e9dias pour accro\u00eetre votre visibilit\u00e9. Cette page peut vous guider dans l\u2019utilisation des m\u00e9dias des nouvelles au profit de votre campagne.<\/p>\n<ul>\n<li><a href=\"https:\/\/ctb.ku.edu\/en\/table-of-contents\/advocacy\/direct-action\/electronic-advocacy\/main\">Utilisation des m\u00e9dias sociaux pour le plaidoyer num\u00e9rique<\/a><\/li>\n<\/ul>\n<p>Dans de bonnes conditions, les m\u00e9dias sociaux peuvent \u00eatre un outil puissant pour votre campagne. Cette page explique comment et quand vous devez utiliser les m\u00e9dias sociaux pour soutenir votre travail.<\/p>\n<ul>\n<li><a href=\"https:\/\/www.socialbrite.org\/2011\/04\/21\/8-great-examples-of-nonprofit-storytelling\/\">R\u00e9cit<\/a> <a href=\"https:\/\/www.socialbrite.org\/2010\/07\/21\/digital-storytelling-from-soup-to-nuts\/\">num\u00e9rique<\/a><\/li>\n<\/ul>\n<p>Communiquer votre message \u00e0 travers des photos ou vid\u00e9os (r\u00e9cit num\u00e9rique) peut avoir un impact puissant et contribuer \u00e0 renforcer le soutien \u00e0 votre campagne. Ces guides peuvent vous aider \u00e0 \u00e9laborer un plan de r\u00e9cit num\u00e9rique et \u00e0 cr\u00e9er un moyen convaincant de promouvoir votre action. Pour un excellent exemple de r\u00e9cit num\u00e9rique, regardez la vid\u00e9o L\u2019histoire de la bouteille d\u2019eau de Stuff.<\/p>\n<ul>\n<li>Histoires des campagnes \u00e0 succ\u00e8s sur les m\u00e9dias sociaux :\n<ul>\n<li><a href=\"https:\/\/www.beautifultrouble.org\/toolbox\/#\/tool\/hashtag-campaign\">Belle ascension: Hashtag Campagne<\/a><\/li>\n<li><a href=\"https:\/\/www.youtube.com\/watch?v=xkTOwX-8jIU\">La moiti\u00e9 de la population, la bonne repr\u00e9sentation<\/a><\/li>\n<li><a href=\"https:\/\/www.youtube.com\/watch?v=6EVJiKqo4t4\">Campagne Facedog Kosova pour traiter les chiens errants de mani\u00e8re humaine<\/a><\/li>\n<li><a href=\"https:\/\/www.youtube.com\/watch?v=qlcRJJ1WsIQ\">Sauver la caverne<\/a><\/li>\n<\/ul>\n<\/li>\n<\/ul>\n<h2>R\u00e9solution de conflit<\/h2>\n<ul>\n<li><a href=\"http:\/\/www.crnhq.org\/content.aspx?file=66138%7C37382l\">Dialogue et d\u00e9bat<\/a><\/li>\n<\/ul>\n<p>Lorsque vous faites face \u00e0 des d\u00e9saccords et \u00e0 des d\u00e9fis de la part d\u2019acteurs internes et externes \u00e0 votre campagne, la mani\u00e8re de discussions des gens peut distinguer la r\u00e9solution de conflit et le dysfonctionnement. Cette page contient des strat\u00e9gies pour faciliter la discussion au travers d\u2019un dialogue positif plut\u00f4t que par un d\u00e9bat contradictoire.<\/p>\n<ul>\n<li>Guide de r\u00e9solution de conflits<\/li>\n<\/ul>\n<p>Des conflits peuvent se d\u00e9velopper au cours de votre campagne, et il est important de les r\u00e9soudre afin qu&#8217;ils n&#8217;entravent pas votre travail. Cette page contient une s\u00e9rie de questions pour vous aider \u00e0 r\u00e9fl\u00e9chir et \u00e0 r\u00e9soudre les conflits lorsqu&#8217;ils se pr\u00e9sentent.<\/p>\n<h2>S\u00e9curit\u00e9 personnelle et s\u00e9curit\u00e9 num\u00e9rique<\/h2>\n<p>Lorsque vous menez votre campagne, vous devez vous assurer que vous agissez de mani\u00e8re s\u00e9curis\u00e9e et que vous limitez les risques, tant dans le cadre de vos actions qu\u2019en ligne. M\u00eame s\u2019il est peu probable que vous serez confront\u00e9 \u00e0 des probl\u00e8mes de s\u00e9curit\u00e9 graves, il est utile de consid\u00e9rer le bon sens pour \u00e9viter les situations potentiellement dangereuses. Par exemple, vous ne devez pas envoyer des volontaires seuls la nuit ou susciter des r\u00e9actions de col\u00e8re chez ceux qui ne sont pas d\u2019accord avec vous. Si, pour une raison quelconque, vous ou vos volontaires vous trouvez dans une situation dangereuse, vous devez imm\u00e9diatement vous d\u00e9sengager et contacter les autorit\u00e9s, le cas \u00e9ch\u00e9ant.<\/p>\n<p>Dans le cadre de votre travail, vous pouvez recueillir des informations personnelles sur des volontaires ou des sympathisants, notamment des adresses, des num\u00e9ros de t\u00e9l\u00e9phone et des adresses \u00e9lectroniques. Vous devez prendre des mesures pour prot\u00e9ger ces informations pour votre travail et prot\u00e9ger leur vie priv\u00e9e. Vous pouvez \u00e9galement recevoir des lettres ou d\u2019avis physiques de la part de bureaux gouvernementaux ou de groupes impliqu\u00e9s dans votre effort. Il est sage de sauvegarder vos donn\u00e9es et votre correspondance sous forme num\u00e9rique pour \u00e9viter qu\u2019elles ne soient perdues en cas d\u2019\u00e9garement, d\u2019incendie ou de vol.<\/p>\n<p>Les ressources suivantes sur la s\u00e9curit\u00e9 peuvent vous \u00eatre utiles si vous souhaitez travailler en toute s\u00e9curit\u00e9 et prot\u00e9ger les informations et la communication concernant votre campagne:<\/p>\n<ul>\n<li><a href=\"https:\/\/securityinabox.org\/en\/guide\/physical\/\">Prot\u00e9gez vos informations num\u00e9riques contre les menaces<\/a><\/li>\n<li><a href=\"https:\/\/securityinabox.org\/en\/guide\/malware\/\">Prot\u00e9gez votre appareil contre les logiciels malveillants et les pirates informatiques<\/a><\/li>\n<li><a href=\"https:\/\/medium.com\/@CommunityRED\/sleeping-like-a-baby-dee5c00a12b9\">Introduction \u00e0 la s\u00e9curit\u00e9 des appareils pour toutes les femmes<\/a><\/li>\n<\/ul>\n<p>&nbsp;<\/p>\n\n<table id=\"tablepress-1\" class=\"tablepress tablepress-id-1\">\n<tbody>\n<tr class=\"row-1\">\n\t<td class=\"column-1\"><a href=\"\/fr\/pour-commencer\/\">POUR COMMENCER<\/a><\/td><td class=\"column-2\"><a href=\"\/fr\/strategie-et-planification-de-la-campagne\/\">STRATEGIE ET PLANIFICATION DE LA CAMPAGNE<\/a><\/td><td class=\"column-3\"><a href=\"\/fr\/gestion-de-la-campagne\/\">GESTION DE LA CAMPAGNE<\/a><\/td><td class=\"column-4\"><a href=\"\/fr\/reflexion\/\">REFLEXION<\/a><\/td>\n<\/tr>\n<\/tbody>\n<\/table>\n\n","protected":false},"excerpt":{"rendered":"<p>Apr\u00e8s avoir d\u00e9velopp\u00e9 votre strat\u00e9gie et \u00e9labor\u00e9 un plan de campagne d\u00e9taill\u00e9, il est temps de mettre ce plan en pratique ! Cette section fournit des ressources utiles pour la &#8230;<\/p>\n","protected":false},"author":1,"featured_media":0,"parent":0,"menu_order":0,"comment_status":"closed","ping_status":"closed","template":"","meta":{"footnotes":""},"class_list":["post-1536","page","type-page","status-publish","hentry"],"yoast_head":"<!-- This site is optimized with the Yoast SEO plugin v27.5 - https:\/\/yoast.com\/product\/yoast-seo-wordpress\/ -->\n<title>Gestion de la campagne - Changer Ma Communaute<\/title>\n<meta name=\"robots\" content=\"index, follow, max-snippet:-1, max-image-preview:large, max-video-preview:-1\" \/>\n<link rel=\"canonical\" href=\"https:\/\/changemycommunity.ctb.ku.edu\/fr\/gestion-de-la-campagne\/\" \/>\n<meta property=\"og:locale\" content=\"en_US\" \/>\n<meta property=\"og:type\" content=\"article\" \/>\n<meta property=\"og:title\" content=\"Gestion de la campagne - Changer Ma Communaute\" \/>\n<meta property=\"og:description\" content=\"Apr\u00e8s avoir d\u00e9velopp\u00e9 votre strat\u00e9gie et \u00e9labor\u00e9 un plan de campagne d\u00e9taill\u00e9, il est temps de mettre ce plan en pratique ! Cette section fournit des ressources utiles pour la ...\" \/>\n<meta property=\"og:url\" content=\"https:\/\/changemycommunity.ctb.ku.edu\/fr\/gestion-de-la-campagne\/\" \/>\n<meta property=\"og:site_name\" content=\"Changer Ma Communaute\" \/>\n<meta property=\"article:modified_time\" content=\"2022-04-04T13:21:11+00:00\" \/>\n<meta name=\"twitter:card\" content=\"summary_large_image\" \/>\n<meta name=\"twitter:label1\" content=\"Est. reading time\" \/>\n\t<meta name=\"twitter:data1\" content=\"6 minutes\" \/>\n<script type=\"application\/ld+json\" class=\"yoast-schema-graph\">{\"@context\":\"https:\\\/\\\/schema.org\",\"@graph\":[{\"@type\":\"WebPage\",\"@id\":\"https:\\\/\\\/changemycommunity.ctb.ku.edu\\\/fr\\\/gestion-de-la-campagne\\\/\",\"url\":\"https:\\\/\\\/changemycommunity.ctb.ku.edu\\\/fr\\\/gestion-de-la-campagne\\\/\",\"name\":\"Gestion de la campagne - Changer Ma Communaute\",\"isPartOf\":{\"@id\":\"https:\\\/\\\/changemycommunity.ctb.ku.edu\\\/fr\\\/#website\"},\"datePublished\":\"2021-06-25T19:02:51+00:00\",\"dateModified\":\"2022-04-04T13:21:11+00:00\",\"breadcrumb\":{\"@id\":\"https:\\\/\\\/changemycommunity.ctb.ku.edu\\\/fr\\\/gestion-de-la-campagne\\\/#breadcrumb\"},\"inLanguage\":\"en\",\"potentialAction\":[{\"@type\":\"ReadAction\",\"target\":[\"https:\\\/\\\/changemycommunity.ctb.ku.edu\\\/fr\\\/gestion-de-la-campagne\\\/\"]}]},{\"@type\":\"BreadcrumbList\",\"@id\":\"https:\\\/\\\/changemycommunity.ctb.ku.edu\\\/fr\\\/gestion-de-la-campagne\\\/#breadcrumb\",\"itemListElement\":[{\"@type\":\"ListItem\",\"position\":1,\"name\":\"Home\",\"item\":\"https:\\\/\\\/changemycommunity.ctb.ku.edu\\\/fr\\\/\"},{\"@type\":\"ListItem\",\"position\":2,\"name\":\"Gestion de la campagne\"}]},{\"@type\":\"WebSite\",\"@id\":\"https:\\\/\\\/changemycommunity.ctb.ku.edu\\\/fr\\\/#website\",\"url\":\"https:\\\/\\\/changemycommunity.ctb.ku.edu\\\/fr\\\/\",\"name\":\"Changer Ma Communaute\",\"description\":\"Institut National d&eacute;mocratique\",\"potentialAction\":[{\"@type\":\"SearchAction\",\"target\":{\"@type\":\"EntryPoint\",\"urlTemplate\":\"https:\\\/\\\/changemycommunity.ctb.ku.edu\\\/fr\\\/?s={search_term_string}\"},\"query-input\":{\"@type\":\"PropertyValueSpecification\",\"valueRequired\":true,\"valueName\":\"search_term_string\"}}],\"inLanguage\":\"en\"}]}<\/script>\n<!-- \/ Yoast SEO plugin. -->","yoast_head_json":{"title":"Gestion de la campagne - Changer Ma Communaute","robots":{"index":"index","follow":"follow","max-snippet":"max-snippet:-1","max-image-preview":"max-image-preview:large","max-video-preview":"max-video-preview:-1"},"canonical":"https:\/\/changemycommunity.ctb.ku.edu\/fr\/gestion-de-la-campagne\/","og_locale":"en_US","og_type":"article","og_title":"Gestion de la campagne - Changer Ma Communaute","og_description":"Apr\u00e8s avoir d\u00e9velopp\u00e9 votre strat\u00e9gie et \u00e9labor\u00e9 un plan de campagne d\u00e9taill\u00e9, il est temps de mettre ce plan en pratique ! Cette section fournit des ressources utiles pour la ...","og_url":"https:\/\/changemycommunity.ctb.ku.edu\/fr\/gestion-de-la-campagne\/","og_site_name":"Changer Ma Communaute","article_modified_time":"2022-04-04T13:21:11+00:00","twitter_card":"summary_large_image","twitter_misc":{"Est. reading time":"6 minutes"},"schema":{"@context":"https:\/\/schema.org","@graph":[{"@type":"WebPage","@id":"https:\/\/changemycommunity.ctb.ku.edu\/fr\/gestion-de-la-campagne\/","url":"https:\/\/changemycommunity.ctb.ku.edu\/fr\/gestion-de-la-campagne\/","name":"Gestion de la campagne - Changer Ma Communaute","isPartOf":{"@id":"https:\/\/changemycommunity.ctb.ku.edu\/fr\/#website"},"datePublished":"2021-06-25T19:02:51+00:00","dateModified":"2022-04-04T13:21:11+00:00","breadcrumb":{"@id":"https:\/\/changemycommunity.ctb.ku.edu\/fr\/gestion-de-la-campagne\/#breadcrumb"},"inLanguage":"en","potentialAction":[{"@type":"ReadAction","target":["https:\/\/changemycommunity.ctb.ku.edu\/fr\/gestion-de-la-campagne\/"]}]},{"@type":"BreadcrumbList","@id":"https:\/\/changemycommunity.ctb.ku.edu\/fr\/gestion-de-la-campagne\/#breadcrumb","itemListElement":[{"@type":"ListItem","position":1,"name":"Home","item":"https:\/\/changemycommunity.ctb.ku.edu\/fr\/"},{"@type":"ListItem","position":2,"name":"Gestion de la campagne"}]},{"@type":"WebSite","@id":"https:\/\/changemycommunity.ctb.ku.edu\/fr\/#website","url":"https:\/\/changemycommunity.ctb.ku.edu\/fr\/","name":"Changer Ma Communaute","description":"Institut National d&eacute;mocratique","potentialAction":[{"@type":"SearchAction","target":{"@type":"EntryPoint","urlTemplate":"https:\/\/changemycommunity.ctb.ku.edu\/fr\/?s={search_term_string}"},"query-input":{"@type":"PropertyValueSpecification","valueRequired":true,"valueName":"search_term_string"}}],"inLanguage":"en"}]}},"_links":{"self":[{"href":"https:\/\/changemycommunity.ctb.ku.edu\/fr\/wp-json\/wp\/v2\/pages\/1536","targetHints":{"allow":["GET"]}}],"collection":[{"href":"https:\/\/changemycommunity.ctb.ku.edu\/fr\/wp-json\/wp\/v2\/pages"}],"about":[{"href":"https:\/\/changemycommunity.ctb.ku.edu\/fr\/wp-json\/wp\/v2\/types\/page"}],"author":[{"embeddable":true,"href":"https:\/\/changemycommunity.ctb.ku.edu\/fr\/wp-json\/wp\/v2\/users\/1"}],"replies":[{"embeddable":true,"href":"https:\/\/changemycommunity.ctb.ku.edu\/fr\/wp-json\/wp\/v2\/comments?post=1536"}],"version-history":[{"count":9,"href":"https:\/\/changemycommunity.ctb.ku.edu\/fr\/wp-json\/wp\/v2\/pages\/1536\/revisions"}],"predecessor-version":[{"id":1615,"href":"https:\/\/changemycommunity.ctb.ku.edu\/fr\/wp-json\/wp\/v2\/pages\/1536\/revisions\/1615"}],"wp:attachment":[{"href":"https:\/\/changemycommunity.ctb.ku.edu\/fr\/wp-json\/wp\/v2\/media?parent=1536"}],"curies":[{"name":"wp","href":"https:\/\/api.w.org\/{rel}","templated":true}]}}